{"id":106,"date":"2021-05-07T16:15:16","date_gmt":"2021-05-07T16:15:16","guid":{"rendered":"https:\/\/kilovegrill.com.br\/wp\/index.php\/menu\/"},"modified":"2021-07-29T11:05:41","modified_gmt":"2021-07-29T14:05:41","slug":"menu","status":"publish","type":"page","link":"https:\/\/kilovegrill.com.br\/index.php\/menu\/","title":{"rendered":"Menu"},"content":{"rendered":"\t\t<div data-elementor-type=\"wp-page\" data-elementor-id=\"106\" class=\"elementor elementor-106\" data-elementor-settings=\"[]\">\n\t\t\t\t\t\t\t<div class=\"elementor-section-wrap\">\n\t\t\t\t\t\t\t<section class=\"elementor-section elementor-top-section elementor-element elementor-element-5c89a02 elementor-section-boxed elementor-section-height-default elementor-section-height-default\" data-id=\"5c89a02\" data-element_type=\"section\" data-settings=\"{&quot;background_background&quot;:&quot;classic&quot;}\">\n\t\t\t\t\t\t\t<div class=\"elementor-background-overlay\"><\/div>\n\t\t\t\t\t\t\t<div class=\"elementor-container elementor-column-gap-no\">\n\t\t\t\t\t<div class=\"elementor-column elementor-col-100 elementor-top-column elementor-element elementor-element-4aa8cc6\" data-id=\"4aa8cc6\" data-element_type=\"column\">\n\t\t\t<div class=\"elementor-widget-wrap elementor-element-populated\">\n\t\t\t\t\t\t\t\t<div class=\"elementor-element elementor-element-822e8f2 elementor-widget elementor-widget-heading\" data-id=\"822e8f2\" data-element_type=\"widget\" data-widget_type=\"heading.default\">\n\t\t\t\t<div class=\"elementor-widget-container\">\n\t\t\t<h1 class=\"elementor-heading-title elementor-size-default\">Nosso Menu<\/h1>\t\t<\/div>\n\t\t\t\t<\/div>\n\t\t\t\t\t<\/div>\n\t\t<\/div>\n\t\t\t\t\t\t\t<\/div>\n\t\t<\/section>\n\t\t\t\t<section class=\"elementor-section elementor-top-section elementor-element elementor-element-8e01509 elementor-section-content-middle elementor-section-boxed elementor-section-height-default elementor-section-height-default\" data-id=\"8e01509\" data-element_type=\"section\">\n\t\t\t\t\t\t<div class=\"elementor-container elementor-column-gap-no\">\n\t\t\t\t\t<div class=\"elementor-column elementor-col-50 elementor-top-column elementor-element elementor-element-1b113bf\" data-id=\"1b113bf\" data-element_type=\"column\">\n\t\t\t<div class=\"elementor-widget-wrap elementor-element-populated\">\n\t\t\t\t\t\t\t\t<div class=\"elementor-element elementor-element-680fe1b elementor-widget elementor-widget-image\" data-id=\"680fe1b\" data-element_type=\"widget\" data-widget_type=\"image.default\">\n\t\t\t\t<div class=\"elementor-widget-container\">\n\t\t\t\t\t\t\t\t\t\t\t\t\t\t\t<img width=\"607\" height=\"683\" src=\"https:\/\/kilovegrill.com.br\/wp-content\/uploads\/2021\/06\/mesa-frios-queijos.jpg\" class=\"attachment-full size-full\" alt=\"\" loading=\"lazy\" srcset=\"https:\/\/kilovegrill.com.br\/wp-content\/uploads\/2021\/06\/mesa-frios-queijos.jpg 607w, https:\/\/kilovegrill.com.br\/wp-content\/uploads\/2021\/06\/mesa-frios-queijos-267x300.jpg 267w\" sizes=\"(max-width: 607px) 100vw, 607px\" \/>\t\t\t\t\t\t\t\t\t\t\t\t\t\t\t<\/div>\n\t\t\t\t<\/div>\n\t\t\t\t\t<\/div>\n\t\t<\/div>\n\t\t\t\t<div class=\"elementor-column elementor-col-50 elementor-top-column elementor-element elementor-element-f77bcdb\" data-id=\"f77bcdb\" data-element_type=\"column\">\n\t\t\t<div class=\"elementor-widget-wrap elementor-element-populated\">\n\t\t\t\t\t\t\t\t<div class=\"elementor-element elementor-element-45d972a elementor-widget elementor-widget-heading\" data-id=\"45d972a\" data-element_type=\"widget\" data-widget_type=\"heading.default\">\n\t\t\t\t<div class=\"elementor-widget-container\">\n\t\t\t<h2 class=\"elementor-heading-title elementor-size-default\">Mesa de frios e queijos,\nsaladas especiais <\/h2>\t\t<\/div>\n\t\t\t\t<\/div>\n\t\t\t\t\t<\/div>\n\t\t<\/div>\n\t\t\t\t\t\t\t<\/div>\n\t\t<\/section>\n\t\t\t\t<section class=\"elementor-section elementor-top-section elementor-element elementor-element-5485801 elementor-section-content-middle elementor-reverse-mobile elementor-section-boxed elementor-section-height-default elementor-section-height-default\" data-id=\"5485801\" data-element_type=\"section\">\n\t\t\t\t\t\t<div class=\"elementor-container elementor-column-gap-no\">\n\t\t\t\t\t<div class=\"elementor-column elementor-col-50 elementor-top-column elementor-element elementor-element-e035f31\" data-id=\"e035f31\" data-element_type=\"column\">\n\t\t\t<div class=\"elementor-widget-wrap elementor-element-populated\">\n\t\t\t\t\t\t\t\t<div class=\"elementor-element elementor-element-ffd7966 elementor-widget elementor-widget-heading\" data-id=\"ffd7966\" data-element_type=\"widget\" data-widget_type=\"heading.default\">\n\t\t\t\t<div class=\"elementor-widget-container\">\n\t\t\t<h2 class=\"elementor-heading-title elementor-size-default\">Pratos do dia Frutos do mar.<br> E um delicioso  Churrasco<\/h2>\t\t<\/div>\n\t\t\t\t<\/div>\n\t\t\t\t<section class=\"elementor-section elementor-inner-section elementor-element elementor-element-18982a8 elementor-section-boxed elementor-section-height-default elementor-section-height-default\" data-id=\"18982a8\" data-element_type=\"section\">\n\t\t\t\t\t\t<div class=\"elementor-container elementor-column-gap-no\">\n\t\t\t\t\t<div class=\"elementor-column elementor-col-100 elementor-inner-column elementor-element elementor-element-6cdba91\" data-id=\"6cdba91\" data-element_type=\"column\">\n\t\t\t<div class=\"elementor-widget-wrap elementor-element-populated\">\n\t\t\t\t\t\t\t\t<div class=\"elementor-element elementor-element-c5759b6 elementor-position-left elementor-widget__width-initial elementor-widget-mobile__width-inherit elementor-vertical-align-top elementor-widget elementor-widget-image-box\" data-id=\"c5759b6\" data-element_type=\"widget\" data-widget_type=\"image-box.default\">\n\t\t\t\t<div class=\"elementor-widget-container\">\n\t\t\t<div class=\"elementor-image-box-wrapper\"><div class=\"elementor-image-box-content\"><p class=\"elementor-image-box-description\">Com Cortes de Cordeiro Angus, Camar\u00e3o e  Sushi e Salm\u00e3o <\/p><\/div><\/div>\t\t<\/div>\n\t\t\t\t<\/div>\n\t\t\t\t\t<\/div>\n\t\t<\/div>\n\t\t\t\t\t\t\t<\/div>\n\t\t<\/section>\n\t\t\t\t\t<\/div>\n\t\t<\/div>\n\t\t\t\t<div class=\"elementor-column elementor-col-50 elementor-top-column elementor-element elementor-element-5a5c404\" data-id=\"5a5c404\" data-element_type=\"column\">\n\t\t\t<div class=\"elementor-widget-wrap elementor-element-populated\">\n\t\t\t\t\t\t\t\t<div class=\"elementor-element elementor-element-aeffbbf elementor-widget elementor-widget-image\" data-id=\"aeffbbf\" data-element_type=\"widget\" data-widget_type=\"image.default\">\n\t\t\t\t<div class=\"elementor-widget-container\">\n\t\t\t\t\t\t\t\t\t\t\t\t\t\t\t<img width=\"607\" height=\"683\" src=\"https:\/\/kilovegrill.com.br\/wp-content\/uploads\/2021\/06\/sushi.jpg\" class=\"attachment-full size-full\" alt=\"\" loading=\"lazy\" srcset=\"https:\/\/kilovegrill.com.br\/wp-content\/uploads\/2021\/06\/sushi.jpg 607w, https:\/\/kilovegrill.com.br\/wp-content\/uploads\/2021\/06\/sushi-267x300.jpg 267w\" sizes=\"(max-width: 607px) 100vw, 607px\" \/>\t\t\t\t\t\t\t\t\t\t\t\t\t\t\t<\/div>\n\t\t\t\t<\/div>\n\t\t\t\t\t<\/div>\n\t\t<\/div>\n\t\t\t\t\t\t\t<\/div>\n\t\t<\/section>\n\t\t\t\t<section class=\"elementor-section elementor-top-section elementor-element elementor-element-d555bb0 elementor-section-content-middle elementor-section-boxed elementor-section-height-default elementor-section-height-default\" data-id=\"d555bb0\" data-element_type=\"section\">\n\t\t\t\t\t\t<div class=\"elementor-container elementor-column-gap-no\">\n\t\t\t\t\t<div class=\"elementor-column elementor-col-50 elementor-top-column elementor-element elementor-element-bd737af\" data-id=\"bd737af\" data-element_type=\"column\">\n\t\t\t<div class=\"elementor-widget-wrap elementor-element-populated\">\n\t\t\t\t\t\t\t\t<div class=\"elementor-element elementor-element-749c0a3 elementor-widget elementor-widget-image\" data-id=\"749c0a3\" data-element_type=\"widget\" data-widget_type=\"image.default\">\n\t\t\t\t<div class=\"elementor-widget-container\">\n\t\t\t\t\t\t\t\t\t\t\t\t\t\t\t<img width=\"607\" height=\"683\" src=\"https:\/\/kilovegrill.com.br\/wp-content\/uploads\/2021\/06\/doces.jpg\" class=\"attachment-full size-full\" alt=\"\" loading=\"lazy\" srcset=\"https:\/\/kilovegrill.com.br\/wp-content\/uploads\/2021\/06\/doces.jpg 607w, https:\/\/kilovegrill.com.br\/wp-content\/uploads\/2021\/06\/doces-267x300.jpg 267w\" sizes=\"(max-width: 607px) 100vw, 607px\" \/>\t\t\t\t\t\t\t\t\t\t\t\t\t\t\t<\/div>\n\t\t\t\t<\/div>\n\t\t\t\t\t<\/div>\n\t\t<\/div>\n\t\t\t\t<div class=\"elementor-column elementor-col-50 elementor-top-column elementor-element elementor-element-823ac29\" data-id=\"823ac29\" data-element_type=\"column\">\n\t\t\t<div class=\"elementor-widget-wrap elementor-element-populated\">\n\t\t\t\t\t\t\t\t<div class=\"elementor-element elementor-element-d31b9e3 elementor-widget elementor-widget-heading\" data-id=\"d31b9e3\" data-element_type=\"widget\" data-widget_type=\"heading.default\">\n\t\t\t\t<div class=\"elementor-widget-container\">\n\t\t\t<h2 class=\"elementor-heading-title elementor-size-default\">Frutas ex\u00f3ticas  e Sobremesas e doces caseiros<\/h2>\t\t<\/div>\n\t\t\t\t<\/div>\n\t\t\t\t<section class=\"elementor-section elementor-inner-section elementor-element elementor-element-9852716 elementor-section-boxed elementor-section-height-default elementor-section-height-default\" data-id=\"9852716\" data-element_type=\"section\">\n\t\t\t\t\t\t<div class=\"elementor-container elementor-column-gap-no\">\n\t\t\t\t\t<div class=\"elementor-column elementor-col-100 elementor-inner-column elementor-element elementor-element-cf14050\" data-id=\"cf14050\" data-element_type=\"column\">\n\t\t\t<div class=\"elementor-widget-wrap elementor-element-populated\">\n\t\t\t\t\t\t\t\t<div class=\"elementor-element elementor-element-f0d0014 elementor-position-left elementor-widget__width-initial elementor-widget-mobile__width-inherit elementor-vertical-align-top elementor-widget elementor-widget-image-box\" data-id=\"f0d0014\" data-element_type=\"widget\" data-widget_type=\"image-box.default\">\n\t\t\t\t<div class=\"elementor-widget-container\">\n\t\t\t<div class=\"elementor-image-box-wrapper\"><div class=\"elementor-image-box-content\"><p class=\"elementor-image-box-description\">Frutas da \u00c9poca<\/p><\/div><\/div>\t\t<\/div>\n\t\t\t\t<\/div>\n\t\t\t\t\t<\/div>\n\t\t<\/div>\n\t\t\t\t\t\t\t<\/div>\n\t\t<\/section>\n\t\t\t\t\t<\/div>\n\t\t<\/div>\n\t\t\t\t\t\t\t<\/div>\n\t\t<\/section>\n\t\t\t\t<section class=\"elementor-section elementor-top-section elementor-element elementor-element-ac1f024 elementor-section-boxed elementor-section-height-default elementor-section-height-default\" data-id=\"ac1f024\" data-element_type=\"section\">\n\t\t\t\t\t\t<div class=\"elementor-container elementor-column-gap-default\">\n\t\t\t\t\t<div class=\"elementor-column elementor-col-100 elementor-top-column elementor-element elementor-element-93bc517\" data-id=\"93bc517\" data-element_type=\"column\">\n\t\t\t<div class=\"elementor-widget-wrap elementor-element-populated\">\n\t\t\t\t\t\t\t\t<div class=\"elementor-element elementor-element-6527674 elementor-widget elementor-widget-heading\" data-id=\"6527674\" data-element_type=\"widget\" data-widget_type=\"heading.default\">\n\t\t\t\t<div class=\"elementor-widget-container\">\n\t\t\t<h2 class=\"elementor-heading-title elementor-size-default\">Galeria de Fotos<\/h2>\t\t<\/div>\n\t\t\t\t<\/div>\n\t\t\t\t<div class=\"elementor-element elementor-element-1f13504 elementor-widget elementor-widget-image-gallery\" data-id=\"1f13504\" data-element_type=\"widget\" data-widget_type=\"image-gallery.default\">\n\t\t\t\t<div class=\"elementor-widget-container\">\n\t\t\t\t\t<div class=\"elementor-image-gallery\">\n\t\t\t<div id='gallery-1' class='gallery galleryid-106 gallery-columns-4 gallery-size-full'><figure class='gallery-item'>\n\t\t\t<div class='gallery-icon portrait'>\n\t\t\t\t<a data-elementor-open-lightbox=\"yes\" data-elementor-lightbox-slideshow=\"1f13504\" data-elementor-lightbox-title=\"galeria-arroz\" href='https:\/\/kilovegrill.com.br\/wp-content\/uploads\/2021\/06\/galeria-arroz.jpeg'><img width=\"960\" height=\"1280\" src=\"https:\/\/kilovegrill.com.br\/wp-content\/uploads\/2021\/06\/galeria-arroz.jpeg\" class=\"attachment-full size-full\" alt=\"\" loading=\"lazy\" srcset=\"https:\/\/kilovegrill.com.br\/wp-content\/uploads\/2021\/06\/galeria-arroz.jpeg 960w, https:\/\/kilovegrill.com.br\/wp-content\/uploads\/2021\/06\/galeria-arroz-225x300.jpeg 225w, https:\/\/kilovegrill.com.br\/wp-content\/uploads\/2021\/06\/galeria-arroz-768x1024.jpeg 768w\" sizes=\"(max-width: 960px) 100vw, 960px\" \/><\/a>\n\t\t\t<\/div><\/figure><figure class='gallery-item'>\n\t\t\t<div class='gallery-icon portrait'>\n\t\t\t\t<a data-elementor-open-lightbox=\"yes\" data-elementor-lightbox-slideshow=\"1f13504\" data-elementor-lightbox-title=\"galeria-churrasco\" href='https:\/\/kilovegrill.com.br\/wp-content\/uploads\/2021\/06\/galeria-churrasco.jpeg'><img width=\"960\" height=\"1280\" src=\"https:\/\/kilovegrill.com.br\/wp-content\/uploads\/2021\/06\/galeria-churrasco.jpeg\" class=\"attachment-full size-full\" alt=\"\" loading=\"lazy\" srcset=\"https:\/\/kilovegrill.com.br\/wp-content\/uploads\/2021\/06\/galeria-churrasco.jpeg 960w, https:\/\/kilovegrill.com.br\/wp-content\/uploads\/2021\/06\/galeria-churrasco-225x300.jpeg 225w, https:\/\/kilovegrill.com.br\/wp-content\/uploads\/2021\/06\/galeria-churrasco-768x1024.jpeg 768w\" sizes=\"(max-width: 960px) 100vw, 960px\" \/><\/a>\n\t\t\t<\/div><\/figure><figure class='gallery-item'>\n\t\t\t<div class='gallery-icon portrait'>\n\t\t\t\t<a data-elementor-open-lightbox=\"yes\" data-elementor-lightbox-slideshow=\"1f13504\" data-elementor-lightbox-title=\"galeria-doces\" href='https:\/\/kilovegrill.com.br\/wp-content\/uploads\/2021\/06\/galeria-doces.jpeg'><img width=\"960\" height=\"1280\" src=\"https:\/\/kilovegrill.com.br\/wp-content\/uploads\/2021\/06\/galeria-doces.jpeg\" class=\"attachment-full size-full\" alt=\"\" loading=\"lazy\" srcset=\"https:\/\/kilovegrill.com.br\/wp-content\/uploads\/2021\/06\/galeria-doces.jpeg 960w, https:\/\/kilovegrill.com.br\/wp-content\/uploads\/2021\/06\/galeria-doces-225x300.jpeg 225w, https:\/\/kilovegrill.com.br\/wp-content\/uploads\/2021\/06\/galeria-doces-768x1024.jpeg 768w\" sizes=\"(max-width: 960px) 100vw, 960px\" \/><\/a>\n\t\t\t<\/div><\/figure><figure class='gallery-item'>\n\t\t\t<div class='gallery-icon portrait'>\n\t\t\t\t<a data-elementor-open-lightbox=\"yes\" data-elementor-lightbox-slideshow=\"1f13504\" data-elementor-lightbox-title=\"galeria-frutas3\" href='https:\/\/kilovegrill.com.br\/wp-content\/uploads\/2021\/06\/galeria-frutas3.jpeg'><img width=\"960\" height=\"1280\" src=\"https:\/\/kilovegrill.com.br\/wp-content\/uploads\/2021\/06\/galeria-frutas3.jpeg\" class=\"attachment-full size-full\" alt=\"\" loading=\"lazy\" srcset=\"https:\/\/kilovegrill.com.br\/wp-content\/uploads\/2021\/06\/galeria-frutas3.jpeg 960w, https:\/\/kilovegrill.com.br\/wp-content\/uploads\/2021\/06\/galeria-frutas3-225x300.jpeg 225w, https:\/\/kilovegrill.com.br\/wp-content\/uploads\/2021\/06\/galeria-frutas3-768x1024.jpeg 768w\" sizes=\"(max-width: 960px) 100vw, 960px\" \/><\/a>\n\t\t\t<\/div><\/figure><figure class='gallery-item'>\n\t\t\t<div class='gallery-icon portrait'>\n\t\t\t\t<a data-elementor-open-lightbox=\"yes\" data-elementor-lightbox-slideshow=\"1f13504\" data-elementor-lightbox-title=\"galeria-frutos\" href='https:\/\/kilovegrill.com.br\/wp-content\/uploads\/2021\/06\/galeria-frutos.jpeg'><img width=\"960\" height=\"1280\" src=\"https:\/\/kilovegrill.com.br\/wp-content\/uploads\/2021\/06\/galeria-frutos.jpeg\" class=\"attachment-full size-full\" alt=\"\" loading=\"lazy\" srcset=\"https:\/\/kilovegrill.com.br\/wp-content\/uploads\/2021\/06\/galeria-frutos.jpeg 960w, https:\/\/kilovegrill.com.br\/wp-content\/uploads\/2021\/06\/galeria-frutos-225x300.jpeg 225w, https:\/\/kilovegrill.com.br\/wp-content\/uploads\/2021\/06\/galeria-frutos-768x1024.jpeg 768w\" sizes=\"(max-width: 960px) 100vw, 960px\" \/><\/a>\n\t\t\t<\/div><\/figure><figure class='gallery-item'>\n\t\t\t<div class='gallery-icon portrait'>\n\t\t\t\t<a data-elementor-open-lightbox=\"yes\" data-elementor-lightbox-slideshow=\"1f13504\" data-elementor-lightbox-title=\"galeria-frutos2\" href='https:\/\/kilovegrill.com.br\/wp-content\/uploads\/2021\/06\/galeria-frutos2.jpeg'><img width=\"960\" height=\"1280\" src=\"https:\/\/kilovegrill.com.br\/wp-content\/uploads\/2021\/06\/galeria-frutos2.jpeg\" class=\"attachment-full size-full\" alt=\"\" loading=\"lazy\" srcset=\"https:\/\/kilovegrill.com.br\/wp-content\/uploads\/2021\/06\/galeria-frutos2.jpeg 960w, https:\/\/kilovegrill.com.br\/wp-content\/uploads\/2021\/06\/galeria-frutos2-225x300.jpeg 225w, https:\/\/kilovegrill.com.br\/wp-content\/uploads\/2021\/06\/galeria-frutos2-768x1024.jpeg 768w\" sizes=\"(max-width: 960px) 100vw, 960px\" \/><\/a>\n\t\t\t<\/div><\/figure><figure class='gallery-item'>\n\t\t\t<div class='gallery-icon portrait'>\n\t\t\t\t<a data-elementor-open-lightbox=\"yes\" data-elementor-lightbox-slideshow=\"1f13504\" data-elementor-lightbox-title=\"galeria-molhos\" href='https:\/\/kilovegrill.com.br\/wp-content\/uploads\/2021\/06\/galeria-molhos.jpeg'><img width=\"960\" height=\"1280\" src=\"https:\/\/kilovegrill.com.br\/wp-content\/uploads\/2021\/06\/galeria-molhos.jpeg\" class=\"attachment-full size-full\" alt=\"\" loading=\"lazy\" srcset=\"https:\/\/kilovegrill.com.br\/wp-content\/uploads\/2021\/06\/galeria-molhos.jpeg 960w, https:\/\/kilovegrill.com.br\/wp-content\/uploads\/2021\/06\/galeria-molhos-225x300.jpeg 225w, https:\/\/kilovegrill.com.br\/wp-content\/uploads\/2021\/06\/galeria-molhos-768x1024.jpeg 768w\" sizes=\"(max-width: 960px) 100vw, 960px\" \/><\/a>\n\t\t\t<\/div><\/figure><figure class='gallery-item'>\n\t\t\t<div class='gallery-icon portrait'>\n\t\t\t\t<a data-elementor-open-lightbox=\"yes\" data-elementor-lightbox-slideshow=\"1f13504\" data-elementor-lightbox-title=\"galeria-pudim\" href='https:\/\/kilovegrill.com.br\/wp-content\/uploads\/2021\/06\/galeria-pudim.jpeg'><img width=\"960\" height=\"1280\" src=\"https:\/\/kilovegrill.com.br\/wp-content\/uploads\/2021\/06\/galeria-pudim.jpeg\" class=\"attachment-full size-full\" alt=\"\" loading=\"lazy\" srcset=\"https:\/\/kilovegrill.com.br\/wp-content\/uploads\/2021\/06\/galeria-pudim.jpeg 960w, https:\/\/kilovegrill.com.br\/wp-content\/uploads\/2021\/06\/galeria-pudim-225x300.jpeg 225w, https:\/\/kilovegrill.com.br\/wp-content\/uploads\/2021\/06\/galeria-pudim-768x1024.jpeg 768w\" sizes=\"(max-width: 960px) 100vw, 960px\" \/><\/a>\n\t\t\t<\/div><\/figure><figure class='gallery-item'>\n\t\t\t<div class='gallery-icon portrait'>\n\t\t\t\t<a data-elementor-open-lightbox=\"yes\" data-elementor-lightbox-slideshow=\"1f13504\" data-elementor-lightbox-title=\"galeria-queijos\" href='https:\/\/kilovegrill.com.br\/wp-content\/uploads\/2021\/06\/galeria-queijos.jpeg'><img width=\"960\" height=\"1280\" src=\"https:\/\/kilovegrill.com.br\/wp-content\/uploads\/2021\/06\/galeria-queijos.jpeg\" class=\"attachment-full size-full\" alt=\"\" loading=\"lazy\" srcset=\"https:\/\/kilovegrill.com.br\/wp-content\/uploads\/2021\/06\/galeria-queijos.jpeg 960w, https:\/\/kilovegrill.com.br\/wp-content\/uploads\/2021\/06\/galeria-queijos-225x300.jpeg 225w, https:\/\/kilovegrill.com.br\/wp-content\/uploads\/2021\/06\/galeria-queijos-768x1024.jpeg 768w\" sizes=\"(max-width: 960px) 100vw, 960px\" \/><\/a>\n\t\t\t<\/div><\/figure><figure class='gallery-item'>\n\t\t\t<div class='gallery-icon portrait'>\n\t\t\t\t<a data-elementor-open-lightbox=\"yes\" data-elementor-lightbox-slideshow=\"1f13504\" data-elementor-lightbox-title=\"galeria-saladas\" href='https:\/\/kilovegrill.com.br\/wp-content\/uploads\/2021\/06\/galeria-saladas.jpeg'><img width=\"960\" height=\"1280\" src=\"https:\/\/kilovegrill.com.br\/wp-content\/uploads\/2021\/06\/galeria-saladas.jpeg\" class=\"attachment-full size-full\" alt=\"\" loading=\"lazy\" srcset=\"https:\/\/kilovegrill.com.br\/wp-content\/uploads\/2021\/06\/galeria-saladas.jpeg 960w, https:\/\/kilovegrill.com.br\/wp-content\/uploads\/2021\/06\/galeria-saladas-225x300.jpeg 225w, https:\/\/kilovegrill.com.br\/wp-content\/uploads\/2021\/06\/galeria-saladas-768x1024.jpeg 768w\" sizes=\"(max-width: 960px) 100vw, 960px\" \/><\/a>\n\t\t\t<\/div><\/figure><figure class='gallery-item'>\n\t\t\t<div class='gallery-icon portrait'>\n\t\t\t\t<a data-elementor-open-lightbox=\"yes\" data-elementor-lightbox-slideshow=\"1f13504\" data-elementor-lightbox-title=\"galeria-salgados\" href='https:\/\/kilovegrill.com.br\/wp-content\/uploads\/2021\/06\/galeria-salgados.jpeg'><img width=\"960\" height=\"1280\" src=\"https:\/\/kilovegrill.com.br\/wp-content\/uploads\/2021\/06\/galeria-salgados.jpeg\" class=\"attachment-full size-full\" alt=\"\" loading=\"lazy\" srcset=\"https:\/\/kilovegrill.com.br\/wp-content\/uploads\/2021\/06\/galeria-salgados.jpeg 960w, https:\/\/kilovegrill.com.br\/wp-content\/uploads\/2021\/06\/galeria-salgados-225x300.jpeg 225w, https:\/\/kilovegrill.com.br\/wp-content\/uploads\/2021\/06\/galeria-salgados-768x1024.jpeg 768w\" sizes=\"(max-width: 960px) 100vw, 960px\" \/><\/a>\n\t\t\t<\/div><\/figure><figure class='gallery-item'>\n\t\t\t<div class='gallery-icon portrait'>\n\t\t\t\t<a data-elementor-open-lightbox=\"yes\" data-elementor-lightbox-slideshow=\"1f13504\" data-elementor-lightbox-title=\"galeria-salgados2\" href='https:\/\/kilovegrill.com.br\/wp-content\/uploads\/2021\/06\/galeria-salgados2.jpeg'><img width=\"960\" height=\"1280\" src=\"https:\/\/kilovegrill.com.br\/wp-content\/uploads\/2021\/06\/galeria-salgados2.jpeg\" class=\"attachment-full size-full\" alt=\"\" loading=\"lazy\" srcset=\"https:\/\/kilovegrill.com.br\/wp-content\/uploads\/2021\/06\/galeria-salgados2.jpeg 960w, https:\/\/kilovegrill.com.br\/wp-content\/uploads\/2021\/06\/galeria-salgados2-225x300.jpeg 225w, https:\/\/kilovegrill.com.br\/wp-content\/uploads\/2021\/06\/galeria-salgados2-768x1024.jpeg 768w\" sizes=\"(max-width: 960px) 100vw, 960px\" \/><\/a>\n\t\t\t<\/div><\/figure><figure class='gallery-item'>\n\t\t\t<div class='gallery-icon portrait'>\n\t\t\t\t<a data-elementor-open-lightbox=\"yes\" data-elementor-lightbox-slideshow=\"1f13504\" data-elementor-lightbox-title=\"galeria-sushi\" href='https:\/\/kilovegrill.com.br\/wp-content\/uploads\/2021\/06\/galeria-sushi.jpeg'><img width=\"960\" height=\"1280\" src=\"https:\/\/kilovegrill.com.br\/wp-content\/uploads\/2021\/06\/galeria-sushi.jpeg\" class=\"attachment-full size-full\" alt=\"\" loading=\"lazy\" srcset=\"https:\/\/kilovegrill.com.br\/wp-content\/uploads\/2021\/06\/galeria-sushi.jpeg 960w, https:\/\/kilovegrill.com.br\/wp-content\/uploads\/2021\/06\/galeria-sushi-225x300.jpeg 225w, https:\/\/kilovegrill.com.br\/wp-content\/uploads\/2021\/06\/galeria-sushi-768x1024.jpeg 768w\" sizes=\"(max-width: 960px) 100vw, 960px\" \/><\/a>\n\t\t\t<\/div><\/figure><figure class='gallery-item'>\n\t\t\t<div class='gallery-icon portrait'>\n\t\t\t\t<a data-elementor-open-lightbox=\"yes\" data-elementor-lightbox-slideshow=\"1f13504\" data-elementor-lightbox-title=\"galeria-sushi2\" href='https:\/\/kilovegrill.com.br\/wp-content\/uploads\/2021\/06\/galeria-sushi2.jpeg'><img width=\"960\" height=\"1280\" src=\"https:\/\/kilovegrill.com.br\/wp-content\/uploads\/2021\/06\/galeria-sushi2.jpeg\" class=\"attachment-full size-full\" alt=\"\" loading=\"lazy\" srcset=\"https:\/\/kilovegrill.com.br\/wp-content\/uploads\/2021\/06\/galeria-sushi2.jpeg 960w, https:\/\/kilovegrill.com.br\/wp-content\/uploads\/2021\/06\/galeria-sushi2-225x300.jpeg 225w, https:\/\/kilovegrill.com.br\/wp-content\/uploads\/2021\/06\/galeria-sushi2-768x1024.jpeg 768w\" sizes=\"(max-width: 960px) 100vw, 960px\" \/><\/a>\n\t\t\t<\/div><\/figure>\n\t\t<\/div>\n\t\t<\/div>\n\t\t\t\t<\/div>\n\t\t\t\t<\/div>\n\t\t\t\t\t<\/div>\n\t\t<\/div>\n\t\t\t\t\t\t\t<\/div>\n\t\t<\/section>\n\t\t\t\t\t\t<\/div>\n\t\t\t\t\t<\/div>\n\t\t","protected":false},"excerpt":{"rendered":"<p>Nosso Menu Mesa de frios e queijos, saladas especiais Pratos do dia Frutos do mar. E um delicioso Churrasco Com Cortes de Cordeiro Angus, Camar\u00e3o e Sushi e Salm\u00e3o Frutas ex\u00f3ticas e Sobremesas e doces caseiros Frutas da \u00c9poca Galeria de Fotos<\/p>\n","protected":false},"author":1,"featured_media":0,"parent":0,"menu_order":0,"comment_status":"closed","ping_status":"closed","template":"","meta":[],"_links":{"self":[{"href":"https:\/\/kilovegrill.com.br\/index.php\/wp-json\/wp\/v2\/pages\/106"}],"collection":[{"href":"https:\/\/kilovegrill.com.br\/index.php\/wp-json\/wp\/v2\/pages"}],"about":[{"href":"https:\/\/kilovegrill.com.br\/index.php\/wp-json\/wp\/v2\/types\/page"}],"author":[{"embeddable":true,"href":"https:\/\/kilovegrill.com.br\/index.php\/wp-json\/wp\/v2\/users\/1"}],"replies":[{"embeddable":true,"href":"https:\/\/kilovegrill.com.br\/index.php\/wp-json\/wp\/v2\/comments?post=106"}],"version-history":[{"count":84,"href":"https:\/\/kilovegrill.com.br\/index.php\/wp-json\/wp\/v2\/pages\/106\/revisions"}],"predecessor-version":[{"id":620,"href":"https:\/\/kilovegrill.com.br\/index.php\/wp-json\/wp\/v2\/pages\/106\/revisions\/620"}],"wp:attachment":[{"href":"https:\/\/kilovegrill.com.br\/index.php\/wp-json\/wp\/v2\/media?parent=106"}],"curies":[{"name":"wp","href":"https:\/\/api.w.org\/{rel}","templated":true}]}}