{"id":255,"date":"2021-05-07T13:45:21","date_gmt":"2021-05-07T13:45:21","guid":{"rendered":"https:\/\/kilovegrill.com.br\/wp\/index.php\/home\/"},"modified":"2021-09-28T15:27:37","modified_gmt":"2021-09-28T18:27:37","slug":"home","status":"publish","type":"page","link":"https:\/\/kilovegrill.com.br\/","title":{"rendered":"Home"},"content":{"rendered":"\t\t<div data-elementor-type=\"wp-page\" data-elementor-id=\"255\" class=\"elementor elementor-255\" data-elementor-settings=\"[]\">\n\t\t\t\t\t\t\t<div class=\"elementor-section-wrap\">\n\t\t\t\t\t\t\t<section class=\"elementor-section elementor-top-section elementor-element elementor-element-e8e8895 elementor-section-boxed elementor-section-height-default elementor-section-height-default\" data-id=\"e8e8895\" data-element_type=\"section\" data-settings=\"{&quot;background_background&quot;:&quot;classic&quot;}\">\n\t\t\t\t\t\t\t<div class=\"elementor-background-overlay\"><\/div>\n\t\t\t\t\t\t\t<div class=\"elementor-container elementor-column-gap-no\">\n\t\t\t\t\t<div class=\"elementor-column elementor-col-100 elementor-top-column elementor-element elementor-element-4c147b6\" data-id=\"4c147b6\" data-element_type=\"column\">\n\t\t\t<div class=\"elementor-widget-wrap elementor-element-populated\">\n\t\t\t\t\t\t\t\t<div class=\"elementor-element elementor-element-cb4d2ed elementor-widget elementor-widget-heading\" data-id=\"cb4d2ed\" data-element_type=\"widget\" data-widget_type=\"heading.default\">\n\t\t\t\t<div class=\"elementor-widget-container\">\n\t\t\t<h1 class=\"elementor-heading-title elementor-size-xl\">Voc\u00ea que \u00e9 paulista turista ou artista venha conhecer o maior buffet da capital da gastronomia. \n<br> Um verdadeiro show room.<\/h1>\t\t<\/div>\n\t\t\t\t<\/div>\n\t\t\t\t<div class=\"elementor-element elementor-element-8d1665c elementor-widget elementor-widget-button\" data-id=\"8d1665c\" data-element_type=\"widget\" data-widget_type=\"button.default\">\n\t\t\t\t<div class=\"elementor-widget-container\">\n\t\t\t\t\t<div class=\"elementor-button-wrapper\">\n\t\t\t<a href=\"#\" class=\"elementor-button-link elementor-button elementor-size-sm\" role=\"button\">\n\t\t\t\t\t\t<span class=\"elementor-button-content-wrapper\">\n\t\t\t\t\t\t<span class=\"elementor-button-text\">Saiba mais<\/span>\n\t\t<\/span>\n\t\t\t\t\t<\/a>\n\t\t<\/div>\n\t\t\t\t<\/div>\n\t\t\t\t<\/div>\n\t\t\t\t\t<\/div>\n\t\t<\/div>\n\t\t\t\t\t\t\t<\/div>\n\t\t<\/section>\n\t\t\t\t<section class=\"elementor-section elementor-top-section elementor-element elementor-element-25806d3 elementor-section-content-middle elementor-section-boxed elementor-section-height-default elementor-section-height-default\" data-id=\"25806d3\" data-element_type=\"section\" data-settings=\"{&quot;background_background&quot;:&quot;classic&quot;}\">\n\t\t\t\t\t\t<div class=\"elementor-container elementor-column-gap-no\">\n\t\t\t\t\t<div class=\"elementor-column elementor-col-50 elementor-top-column elementor-element elementor-element-54a0987\" data-id=\"54a0987\" data-element_type=\"column\">\n\t\t\t<div class=\"elementor-widget-wrap elementor-element-populated\">\n\t\t\t\t\t\t\t\t<div class=\"elementor-element elementor-element-9c7f3ef elementor-widget__width-initial elementor-widget-mobile__width-inherit elementor-widget-tablet__width-inherit elementor-widget elementor-widget-heading\" data-id=\"9c7f3ef\" data-element_type=\"widget\" data-widget_type=\"heading.default\">\n\t\t\t\t<div class=\"elementor-widget-container\">\n\t\t\t<h2 class=\"elementor-heading-title elementor-size-default\">O Show Room do meio dia<\/h2>\t\t<\/div>\n\t\t\t\t<\/div>\n\t\t\t\t<div class=\"elementor-element elementor-element-b33303f elementor-widget elementor-widget-image\" data-id=\"b33303f\" data-element_type=\"widget\" data-widget_type=\"image.default\">\n\t\t\t\t<div class=\"elementor-widget-container\">\n\t\t\t\t\t\t\t\t\t\t\t\t\t\t\t<img width=\"500\" height=\"670\" src=\"https:\/\/kilovegrill.com.br\/wp-content\/uploads\/2021\/06\/restaurante.jpg\" class=\"attachment-large size-large\" alt=\"\" loading=\"lazy\" srcset=\"https:\/\/kilovegrill.com.br\/wp-content\/uploads\/2021\/06\/restaurante.jpg 500w, https:\/\/kilovegrill.com.br\/wp-content\/uploads\/2021\/06\/restaurante-224x300.jpg 224w\" sizes=\"(max-width: 500px) 100vw, 500px\" \/>\t\t\t\t\t\t\t\t\t\t\t\t\t\t\t<\/div>\n\t\t\t\t<\/div>\n\t\t\t\t\t<\/div>\n\t\t<\/div>\n\t\t\t\t<div class=\"elementor-column elementor-col-50 elementor-top-column elementor-element elementor-element-651f688\" data-id=\"651f688\" data-element_type=\"column\">\n\t\t\t<div class=\"elementor-widget-wrap elementor-element-populated\">\n\t\t\t\t\t\t\t\t<div class=\"elementor-element elementor-element-5ea9fbb elementor-position-left elementor-vertical-align-top elementor-widget elementor-widget-image-box\" data-id=\"5ea9fbb\" data-element_type=\"widget\" data-widget_type=\"image-box.default\">\n\t\t\t\t<div class=\"elementor-widget-container\">\n\t\t\t<div class=\"elementor-image-box-wrapper\"><div class=\"elementor-image-box-content\"><h3 class=\"elementor-image-box-title\">Nossa Hist\u00f3ria<\/h3><p class=\"elementor-image-box-description\">Estamos a mais de 30 anos servindo o melhor churrasco da regi\u00e3o. Servimos mais 1200 pessoas por dia. Estamos localizados na Avenida Paulista pr\u00f3ximo ao MASP .<\/p><\/div><\/div>\t\t<\/div>\n\t\t\t\t<\/div>\n\t\t\t\t<div class=\"elementor-element elementor-element-6dde082 elementor-widget elementor-widget-button\" data-id=\"6dde082\" data-element_type=\"widget\" data-widget_type=\"button.default\">\n\t\t\t\t<div class=\"elementor-widget-container\">\n\t\t\t\t\t<div class=\"elementor-button-wrapper\">\n\t\t\t<a href=\"#\" class=\"elementor-button-link elementor-button elementor-size-sm\" role=\"button\">\n\t\t\t\t\t\t<span class=\"elementor-button-content-wrapper\">\n\t\t\t\t\t\t<span class=\"elementor-button-text\">saiba mais<\/span>\n\t\t<\/span>\n\t\t\t\t\t<\/a>\n\t\t<\/div>\n\t\t\t\t<\/div>\n\t\t\t\t<\/div>\n\t\t\t\t\t<\/div>\n\t\t<\/div>\n\t\t\t\t\t\t\t<\/div>\n\t\t<\/section>\n\t\t\t\t<section class=\"elementor-section elementor-top-section elementor-element elementor-element-63ce109 elementor-section-boxed elementor-section-height-default elementor-section-height-default\" data-id=\"63ce109\" data-element_type=\"section\" data-settings=\"{&quot;background_background&quot;:&quot;classic&quot;}\">\n\t\t\t\t\t\t<div class=\"elementor-container elementor-column-gap-no\">\n\t\t\t\t\t<div class=\"elementor-column elementor-col-50 elementor-top-column elementor-element elementor-element-d378906\" data-id=\"d378906\" data-element_type=\"column\">\n\t\t\t<div class=\"elementor-widget-wrap elementor-element-populated\">\n\t\t\t\t\t\t\t\t<div class=\"elementor-element elementor-element-a205510 elementor-widget elementor-widget-heading\" data-id=\"a205510\" data-element_type=\"widget\" data-widget_type=\"heading.default\">\n\t\t\t\t<div class=\"elementor-widget-container\">\n\t\t\t<h3 class=\"elementor-heading-title elementor-size-default\">Valorize seu Tour em<br>S\u00c3O PAULO<\/h3>\t\t<\/div>\n\t\t\t\t<\/div>\n\t\t\t\t<div class=\"elementor-element elementor-element-0930a0f elementor-widget elementor-widget-heading\" data-id=\"0930a0f\" data-element_type=\"widget\" data-widget_type=\"heading.default\">\n\t\t\t\t<div class=\"elementor-widget-container\">\n\t\t\t<h4 class=\"elementor-heading-title elementor-size-default\">Almoce conosco<\/h4>\t\t<\/div>\n\t\t\t\t<\/div>\n\t\t\t\t<div class=\"elementor-element elementor-element-d2c3064 elementor-widget elementor-widget-text-editor\" data-id=\"d2c3064\" data-element_type=\"widget\" data-widget_type=\"text-editor.default\">\n\t\t\t\t<div class=\"elementor-widget-container\">\n\t\t\t\t\t\t\t\t<p>Oferecemos mais de 150 op\u00e7\u00f5es.<\/p>\t\t\t\t\t\t<\/div>\n\t\t\t\t<\/div>\n\t\t\t\t<div class=\"elementor-element elementor-element-8a65923 elementor-position-top elementor-vertical-align-top elementor-widget elementor-widget-image-box\" data-id=\"8a65923\" data-element_type=\"widget\" data-widget_type=\"image-box.default\">\n\t\t\t\t<div class=\"elementor-widget-container\">\n\t\t\t<div class=\"elementor-image-box-wrapper\"><figure class=\"elementor-image-box-img\"><img width=\"445\" height=\"493\" src=\"https:\/\/kilovegrill.com.br\/wp-content\/uploads\/2021\/06\/masp.jpg\" class=\"attachment-full size-full\" alt=\"\" loading=\"lazy\" srcset=\"https:\/\/kilovegrill.com.br\/wp-content\/uploads\/2021\/06\/masp.jpg 445w, https:\/\/kilovegrill.com.br\/wp-content\/uploads\/2021\/06\/masp-271x300.jpg 271w\" sizes=\"(max-width: 445px) 100vw, 445px\" \/><\/figure><div class=\"elementor-image-box-content\"><h3 class=\"elementor-image-box-title\">MASP<\/h3><\/div><\/div>\t\t<\/div>\n\t\t\t\t<\/div>\n\t\t\t\t<div class=\"elementor-element elementor-element-ab04bd1 elementor-position-top elementor-vertical-align-top elementor-widget elementor-widget-image-box\" data-id=\"ab04bd1\" data-element_type=\"widget\" data-widget_type=\"image-box.default\">\n\t\t\t\t<div class=\"elementor-widget-container\">\n\t\t\t<div class=\"elementor-image-box-wrapper\"><figure class=\"elementor-image-box-img\"><img width=\"1008\" height=\"631\" src=\"https:\/\/kilovegrill.com.br\/wp-content\/uploads\/2021\/06\/trianon.jpg\" class=\"attachment-full size-full\" alt=\"\" loading=\"lazy\" srcset=\"https:\/\/kilovegrill.com.br\/wp-content\/uploads\/2021\/06\/trianon.jpg 1008w, https:\/\/kilovegrill.com.br\/wp-content\/uploads\/2021\/06\/trianon-300x188.jpg 300w, https:\/\/kilovegrill.com.br\/wp-content\/uploads\/2021\/06\/trianon-768x481.jpg 768w\" sizes=\"(max-width: 1008px) 100vw, 1008px\" \/><\/figure><div class=\"elementor-image-box-content\"><h3 class=\"elementor-image-box-title\">Parque Trianon<\/h3><\/div><\/div>\t\t<\/div>\n\t\t\t\t<\/div>\n\t\t\t\t\t<\/div>\n\t\t<\/div>\n\t\t\t\t<div class=\"elementor-column elementor-col-50 elementor-top-column elementor-element elementor-element-cbbaf1e\" data-id=\"cbbaf1e\" data-element_type=\"column\">\n\t\t\t<div class=\"elementor-widget-wrap elementor-element-populated\">\n\t\t\t\t\t\t\t\t<div class=\"elementor-element elementor-element-8e76125 elementor-position-top elementor-vertical-align-top elementor-widget elementor-widget-image-box\" data-id=\"8e76125\" data-element_type=\"widget\" data-widget_type=\"image-box.default\">\n\t\t\t\t<div class=\"elementor-widget-container\">\n\t\t\t<div class=\"elementor-image-box-wrapper\"><figure class=\"elementor-image-box-img\"><img width=\"1600\" height=\"1066\" src=\"https:\/\/kilovegrill.com.br\/wp-content\/uploads\/2021\/06\/mirante.jpg\" class=\"attachment-full size-full\" alt=\"\" loading=\"lazy\" srcset=\"https:\/\/kilovegrill.com.br\/wp-content\/uploads\/2021\/06\/mirante.jpg 1600w, https:\/\/kilovegrill.com.br\/wp-content\/uploads\/2021\/06\/mirante-300x200.jpg 300w, https:\/\/kilovegrill.com.br\/wp-content\/uploads\/2021\/06\/mirante-1024x682.jpg 1024w, https:\/\/kilovegrill.com.br\/wp-content\/uploads\/2021\/06\/mirante-768x512.jpg 768w, https:\/\/kilovegrill.com.br\/wp-content\/uploads\/2021\/06\/mirante-1536x1023.jpg 1536w\" sizes=\"(max-width: 1600px) 100vw, 1600px\" \/><\/figure><div class=\"elementor-image-box-content\"><h3 class=\"elementor-image-box-title\">Mirante Sesc Paulista<\/h3><\/div><\/div>\t\t<\/div>\n\t\t\t\t<\/div>\n\t\t\t\t<div class=\"elementor-element elementor-element-5b9ca08 elementor-position-top elementor-vertical-align-top elementor-widget elementor-widget-image-box\" data-id=\"5b9ca08\" data-element_type=\"widget\" data-widget_type=\"image-box.default\">\n\t\t\t\t<div class=\"elementor-widget-container\">\n\t\t\t<div class=\"elementor-image-box-wrapper\"><figure class=\"elementor-image-box-img\"><img width=\"1280\" height=\"839\" src=\"https:\/\/kilovegrill.com.br\/wp-content\/uploads\/2021\/06\/avenida-paulista.jpg\" class=\"attachment-full size-full\" alt=\"\" loading=\"lazy\" srcset=\"https:\/\/kilovegrill.com.br\/wp-content\/uploads\/2021\/06\/avenida-paulista.jpg 1280w, https:\/\/kilovegrill.com.br\/wp-content\/uploads\/2021\/06\/avenida-paulista-300x197.jpg 300w, https:\/\/kilovegrill.com.br\/wp-content\/uploads\/2021\/06\/avenida-paulista-1024x671.jpg 1024w, https:\/\/kilovegrill.com.br\/wp-content\/uploads\/2021\/06\/avenida-paulista-768x503.jpg 768w\" sizes=\"(max-width: 1280px) 100vw, 1280px\" \/><\/figure><div class=\"elementor-image-box-content\"><h3 class=\"elementor-image-box-title\">Avenida Paulista<\/h3><\/div><\/div>\t\t<\/div>\n\t\t\t\t<\/div>\n\t\t\t\t<div class=\"elementor-element elementor-element-f092fe4 elementor-widget elementor-widget-button\" data-id=\"f092fe4\" data-element_type=\"widget\" data-widget_type=\"button.default\">\n\t\t\t\t<div class=\"elementor-widget-container\">\n\t\t\t\t\t<div class=\"elementor-button-wrapper\">\n\t\t\t<a href=\"#\" class=\"elementor-button-link elementor-button elementor-size-sm\" role=\"button\">\n\t\t\t\t\t\t<span class=\"elementor-button-content-wrapper\">\n\t\t\t\t\t\t<span class=\"elementor-button-text\">Saiba mais<\/span>\n\t\t<\/span>\n\t\t\t\t\t<\/a>\n\t\t<\/div>\n\t\t\t\t<\/div>\n\t\t\t\t<\/div>\n\t\t\t\t\t<\/div>\n\t\t<\/div>\n\t\t\t\t\t\t\t<\/div>\n\t\t<\/section>\n\t\t\t\t<section class=\"elementor-section elementor-top-section elementor-element elementor-element-2c17de0 elementor-section-boxed elementor-section-height-default elementor-section-height-default\" data-id=\"2c17de0\" data-element_type=\"section\" data-settings=\"{&quot;background_background&quot;:&quot;classic&quot;}\">\n\t\t\t\t\t\t\t<div class=\"elementor-background-overlay\"><\/div>\n\t\t\t\t\t\t\t<div class=\"elementor-container elementor-column-gap-default\">\n\t\t\t\t\t<div class=\"elementor-column elementor-col-100 elementor-top-column elementor-element elementor-element-987f959\" data-id=\"987f959\" data-element_type=\"column\">\n\t\t\t<div class=\"elementor-widget-wrap\">\n\t\t\t\t\t\t\t\t\t<\/div>\n\t\t<\/div>\n\t\t\t\t\t\t\t<\/div>\n\t\t<\/section>\n\t\t\t\t<section class=\"elementor-section elementor-top-section elementor-element elementor-element-391009c elementor-section-boxed elementor-section-height-default elementor-section-height-default\" data-id=\"391009c\" data-element_type=\"section\">\n\t\t\t\t\t\t<div class=\"elementor-container elementor-column-gap-no\">\n\t\t\t\t\t<div class=\"elementor-column elementor-col-50 elementor-top-column elementor-element elementor-element-ba7d00e\" data-id=\"ba7d00e\" data-element_type=\"column\">\n\t\t\t<div class=\"elementor-widget-wrap elementor-element-populated\">\n\t\t\t\t\t\t\t\t<div class=\"elementor-element elementor-element-aade905 elementor-widget elementor-widget-heading\" data-id=\"aade905\" data-element_type=\"widget\" data-widget_type=\"heading.default\">\n\t\t\t\t<div class=\"elementor-widget-container\">\n\t\t\t<h2 class=\"elementor-heading-title elementor-size-default\">Depoimentos<\/h2>\t\t<\/div>\n\t\t\t\t<\/div>\n\t\t\t\t<div class=\"elementor-element elementor-element-6460cee elementor-widget elementor-widget-testimonial\" data-id=\"6460cee\" data-element_type=\"widget\" data-widget_type=\"testimonial.default\">\n\t\t\t\t<div class=\"elementor-widget-container\">\n\t\t\t\t\t<div class=\"elementor-testimonial-wrapper elementor-testimonial-text-align-left\">\n\t\t\t\t\t\t\t<div class=\"elementor-testimonial-content\">Variedade, qualidade e rapidez!\nMuitas op\u00e7\u00f5es entre massas, peixes, churrasco, saladas, sucos (que s\u00e3o servidos em canecas grandes), etc. As sobremesas s\u00e3o deliciosas. Lugar super confort\u00e1vel com atendimento cordial e r\u00e1pido. Excelente para ir s\u00f3 ou em grupos grandes, pois \u00e9 bem espa\u00e7oso. Pre\u00e7o justo e compat\u00edvel com tudo o que \u00e9 oferecido. Muito perto do MASP.<\/div>\n\t\t\t\n\t\t\t\t\t\t<div class=\"elementor-testimonial-meta\">\n\t\t\t\t<div class=\"elementor-testimonial-meta-inner\">\n\t\t\t\t\t\n\t\t\t\t\t\t\t\t\t\t<div class=\"elementor-testimonial-details\">\n\t\t\t\t\t\t\t\t\t\t\t\t\t\t<div class=\"elementor-testimonial-name\">Carmen Lucia<\/div>\n\t\t\t\t\t\t\t\t\t\t\t\t\t\t\t\t\t\t\t<\/div>\n\t\t\t\t\t\t\t\t\t<\/div>\n\t\t\t<\/div>\n\t\t\t\t\t<\/div>\n\t\t\t\t<\/div>\n\t\t\t\t<\/div>\n\t\t\t\t\t<\/div>\n\t\t<\/div>\n\t\t\t\t<div class=\"elementor-column elementor-col-50 elementor-top-column elementor-element elementor-element-26ab11d\" data-id=\"26ab11d\" data-element_type=\"column\">\n\t\t\t<div class=\"elementor-widget-wrap elementor-element-populated\">\n\t\t\t\t\t\t\t\t<div class=\"elementor-element elementor-element-caefb71 elementor-widget elementor-widget-testimonial\" data-id=\"caefb71\" data-element_type=\"widget\" data-widget_type=\"testimonial.default\">\n\t\t\t\t<div class=\"elementor-widget-container\">\n\t\t\t\t\t<div class=\"elementor-testimonial-wrapper elementor-testimonial-text-align-left\">\n\t\t\t\t\t\t\t<div class=\"elementor-testimonial-content\">H\u00e1 v\u00e1rios anos mant\u00e9m a qualidade\nEste restaurante tem uns 20 anos no local. Buffet com enorme variedade de pratos. Instala\u00e7\u00f5es razo\u00e1veis. Comida boa. Pre\u00e7o compat\u00edvel com a qualidade apresentada. Frequentava o restaurante quando trabalhava na Av. Paulista, depois de v\u00e1rios anos voltei para almo\u00e7ar num s\u00e1bado e tive uma grata surpresa, pois a qualidade continua a mesma. Vale a pena experimentar. Recomendo.\n\n<\/div>\n\t\t\t\n\t\t\t\t\t\t<div class=\"elementor-testimonial-meta\">\n\t\t\t\t<div class=\"elementor-testimonial-meta-inner\">\n\t\t\t\t\t\n\t\t\t\t\t\t\t\t\t\t<div class=\"elementor-testimonial-details\">\n\t\t\t\t\t\t\t\t\t\t\t\t\t\t<div class=\"elementor-testimonial-name\">Antonio Carlos Vendrame<\/div>\n\t\t\t\t\t\t\t\t\t\t\t\t\t\t\t\t\t\t\t<\/div>\n\t\t\t\t\t\t\t\t\t<\/div>\n\t\t\t<\/div>\n\t\t\t\t\t<\/div>\n\t\t\t\t<\/div>\n\t\t\t\t<\/div>\n\t\t\t\t<div class=\"elementor-element elementor-element-578f337 elementor-widget elementor-widget-testimonial\" data-id=\"578f337\" data-element_type=\"widget\" data-widget_type=\"testimonial.default\">\n\t\t\t\t<div class=\"elementor-widget-container\">\n\t\t\t\t\t<div class=\"elementor-testimonial-wrapper elementor-testimonial-text-align-left\">\n\t\t\t\t\t\t\t<div class=\"elementor-testimonial-content\">Lugar muito bom para almo\u00e7ar.\nO restaurante \u00e9 por quilo, mas tem uma grande variedade de comidas deliciosas, carnes e frutas. Recomendo!<\/div>\n\t\t\t\n\t\t\t\t\t\t<div class=\"elementor-testimonial-meta\">\n\t\t\t\t<div class=\"elementor-testimonial-meta-inner\">\n\t\t\t\t\t\n\t\t\t\t\t\t\t\t\t\t<div class=\"elementor-testimonial-details\">\n\t\t\t\t\t\t\t\t\t\t\t\t\t\t<div class=\"elementor-testimonial-name\"> Denise K<\/div>\n\t\t\t\t\t\t\t\t\t\t\t\t\t\t\t\t\t\t\t<\/div>\n\t\t\t\t\t\t\t\t\t<\/div>\n\t\t\t<\/div>\n\t\t\t\t\t<\/div>\n\t\t\t\t<\/div>\n\t\t\t\t<\/div>\n\t\t\t\t\t<\/div>\n\t\t<\/div>\n\t\t\t\t\t\t\t<\/div>\n\t\t<\/section>\n\t\t\t\t\t\t<\/div>\n\t\t\t\t\t<\/div>\n\t\t","protected":false},"excerpt":{"rendered":"<p>Voc\u00ea que \u00e9 paulista turista ou artista venha conhecer o maior buffet da capital da gastronomia. Um verdadeiro show room. Saiba mais O Show Room do meio dia Nossa Hist\u00f3ria Estamos a mais de 30 anos servindo o melhor churrasco da regi\u00e3o. Servimos mais 1200 pessoas por dia. Estamos localizados na Avenida Paulista pr\u00f3ximo ao &hellip;<\/p>\n<p class=\"read-more\"> <a class=\"\" href=\"https:\/\/kilovegrill.com.br\/\"> <span class=\"screen-reader-text\">Home<\/span> Leia mais &raquo;<\/a><\/p>\n","protected":false},"author":1,"featured_media":0,"parent":0,"menu_order":0,"comment_status":"closed","ping_status":"closed","template":"","meta":[],"_links":{"self":[{"href":"https:\/\/kilovegrill.com.br\/index.php\/wp-json\/wp\/v2\/pages\/255"}],"collection":[{"href":"https:\/\/kilovegrill.com.br\/index.php\/wp-json\/wp\/v2\/pages"}],"about":[{"href":"https:\/\/kilovegrill.com.br\/index.php\/wp-json\/wp\/v2\/types\/page"}],"author":[{"embeddable":true,"href":"https:\/\/kilovegrill.com.br\/index.php\/wp-json\/wp\/v2\/users\/1"}],"replies":[{"embeddable":true,"href":"https:\/\/kilovegrill.com.br\/index.php\/wp-json\/wp\/v2\/comments?post=255"}],"version-history":[{"count":126,"href":"https:\/\/kilovegrill.com.br\/index.php\/wp-json\/wp\/v2\/pages\/255\/revisions"}],"predecessor-version":[{"id":630,"href":"https:\/\/kilovegrill.com.br\/index.php\/wp-json\/wp\/v2\/pages\/255\/revisions\/630"}],"wp:attachment":[{"href":"https:\/\/kilovegrill.com.br\/index.php\/wp-json\/wp\/v2\/media?parent=255"}],"curies":[{"name":"wp","href":"https:\/\/api.w.org\/{rel}","templated":true}]}}